{"id":5,"date":"2025-04-09T08:34:10","date_gmt":"2025-04-09T11:34:10","guid":{"rendered":"https:\/\/staging.facilita.uappi.com.br\/development\/?page_id=5"},"modified":"2025-04-09T09:07:44","modified_gmt":"2025-04-09T12:07:44","slug":"artigos-e-tutoriais","status":"publish","type":"page","link":"https:\/\/staging.facilita.uappi.com.br\/development\/","title":{"rendered":"Boas-vindas ao Uappi Development!"},"content":{"rendered":"<p>Ol\u00e1, desenvolvedor! Voc\u00ea acaba de chegar ao seu novo espa\u00e7o de inova\u00e7\u00e3o e aprendizado. Aqui no Uappi Development, um produto Uappi Help Center, voc\u00ea encontrar\u00e1 tudo o que precisa para criar, integrar e aprimorar solu\u00e7\u00f5es com nossos produtos e servi\u00e7os.<\/p>\n<p>Navegue pela nossa documenta\u00e7\u00e3o completa pelo menu lateral, explore exemplos de c\u00f3digo e acesse recursos exclusivos para otimizar seu trabalho. Seja para entender nossas APIs, aprender boas pr\u00e1ticas ou tirar d\u00favidas, este portal \u00e9 seu ponto de partida para uma experi\u00eancia mais \u00e1gil e eficiente. Estamos aqui para apoiar seu desenvolvimento a cada linha de c\u00f3digo!<\/p>\n","protected":false},"excerpt":{"rendered":"<p>Ol\u00e1, desenvolvedor! Voc\u00ea acaba de chegar ao seu novo espa\u00e7o de inova\u00e7\u00e3o e aprendizado. Aqui no Uappi Development, um produto Uappi Help Center, voc\u00ea encontrar\u00e1 tudo o que precisa para criar, integrar e aprimorar solu\u00e7\u00f5es com nossos produtos e servi\u00e7os. Navegue pela nossa documenta\u00e7\u00e3o completa pelo menu lateral, explore exemplos de c\u00f3digo e acesse recursos [&hellip;]<\/p>\n","protected":false},"author":1,"featured_media":0,"parent":0,"menu_order":0,"comment_status":"closed","ping_status":"closed","template":"page-artigo.php","meta":{"_acf_changed":false,"footnotes":""},"class_list":["post-5","page","type-page","status-publish","hentry"],"acf":[],"yoast_head":"<!-- This site is optimized with the Yoast SEO plugin v24.8.1 - https:\/\/yoast.com\/wordpress\/plugins\/seo\/ -->\n<title>Boas-vindas ao Uappi Development! &#8211; Portal do Desenvolvedor<\/title>\n<meta name=\"robots\" content=\"index, follow, max-snippet:-1, max-image-preview:large, max-video-preview:-1\" \/>\n<link rel=\"canonical\" href=\"https:\/\/uappi.elleven.digital\/development\/\" \/>\n<meta property=\"og:locale\" content=\"pt_BR\" \/>\n<meta property=\"og:type\" content=\"article\" \/>\n<meta property=\"og:title\" content=\"Boas-vindas ao Uappi Development! &#8211; Portal do Desenvolvedor\" \/>\n<meta property=\"og:description\" content=\"Ol\u00e1, desenvolvedor! Voc\u00ea acaba de chegar ao seu novo espa\u00e7o de inova\u00e7\u00e3o e aprendizado. Aqui no Uappi Development, um produto Uappi Help Center, voc\u00ea encontrar\u00e1 tudo o que precisa para criar, integrar e aprimorar solu\u00e7\u00f5es com nossos produtos e servi\u00e7os. Navegue pela nossa documenta\u00e7\u00e3o completa pelo menu lateral, explore exemplos de c\u00f3digo e acesse recursos [&hellip;]\" \/>\n<meta property=\"og:url\" content=\"https:\/\/uappi.elleven.digital\/development\/\" \/>\n<meta property=\"og:site_name\" content=\"Portal do Desenvolvedor\" \/>\n<meta property=\"article:modified_time\" content=\"2025-04-09T12:07:44+00:00\" \/>\n<meta name=\"twitter:card\" content=\"summary_large_image\" \/>\n<meta name=\"twitter:label1\" content=\"Est. tempo de leitura\" \/>\n\t<meta name=\"twitter:data1\" content=\"1 minuto\" \/>\n<script type=\"application\/ld+json\" class=\"yoast-schema-graph\">{\"@context\":\"https:\/\/schema.org\",\"@graph\":[{\"@type\":\"WebPage\",\"@id\":\"https:\/\/uappi.elleven.digital\/development\/\",\"url\":\"https:\/\/uappi.elleven.digital\/development\/\",\"name\":\"Boas-vindas ao Uappi Development! &#8211; Portal do Desenvolvedor\",\"isPartOf\":{\"@id\":\"https:\/\/uappi.elleven.digital\/development\/#website\"},\"datePublished\":\"2025-04-09T11:34:10+00:00\",\"dateModified\":\"2025-04-09T12:07:44+00:00\",\"breadcrumb\":{\"@id\":\"https:\/\/uappi.elleven.digital\/development\/#breadcrumb\"},\"inLanguage\":\"pt-BR\",\"potentialAction\":[{\"@type\":\"ReadAction\",\"target\":[\"https:\/\/uappi.elleven.digital\/development\/\"]}]},{\"@type\":\"BreadcrumbList\",\"@id\":\"https:\/\/uappi.elleven.digital\/development\/#breadcrumb\",\"itemListElement\":[{\"@type\":\"ListItem\",\"position\":1,\"name\":\"In\u00edcio\",\"item\":\"https:\/\/uappi.elleven.digital\/development\/\"},{\"@type\":\"ListItem\",\"position\":2,\"name\":\"Boas-vindas ao Uappi Development!\"}]},{\"@type\":\"WebSite\",\"@id\":\"https:\/\/uappi.elleven.digital\/development\/#website\",\"url\":\"https:\/\/uappi.elleven.digital\/development\/\",\"name\":\"Portal do Desenvolvedor\",\"description\":\"\",\"publisher\":{\"@id\":\"https:\/\/uappi.elleven.digital\/development\/#organization\"},\"potentialAction\":[{\"@type\":\"SearchAction\",\"target\":{\"@type\":\"EntryPoint\",\"urlTemplate\":\"https:\/\/uappi.elleven.digital\/development\/?s={search_term_string}\"},\"query-input\":{\"@type\":\"PropertyValueSpecification\",\"valueRequired\":true,\"valueName\":\"search_term_string\"}}],\"inLanguage\":\"pt-BR\"},{\"@type\":\"Organization\",\"@id\":\"https:\/\/uappi.elleven.digital\/development\/#organization\",\"name\":\"Portal do Desenvolvedor\",\"url\":\"https:\/\/uappi.elleven.digital\/development\/\",\"logo\":{\"@type\":\"ImageObject\",\"inLanguage\":\"pt-BR\",\"@id\":\"https:\/\/uappi.elleven.digital\/development\/#\/schema\/logo\/image\/\",\"url\":\"https:\/\/staging.facilita.uappi.com.br\/development\/wp-content\/uploads\/sites\/2\/2025\/04\/logo-development.svg\",\"contentUrl\":\"https:\/\/staging.facilita.uappi.com.br\/development\/wp-content\/uploads\/sites\/2\/2025\/04\/logo-development.svg\",\"caption\":\"Portal do Desenvolvedor\"},\"image\":{\"@id\":\"https:\/\/uappi.elleven.digital\/development\/#\/schema\/logo\/image\/\"}}]}<\/script>\n<!-- \/ Yoast SEO plugin. -->","yoast_head_json":{"title":"Boas-vindas ao Uappi Development! &#8211; Portal do Desenvolvedor","robots":{"index":"index","follow":"follow","max-snippet":"max-snippet:-1","max-image-preview":"max-image-preview:large","max-video-preview":"max-video-preview:-1"},"canonical":"https:\/\/uappi.elleven.digital\/development\/","og_locale":"pt_BR","og_type":"article","og_title":"Boas-vindas ao Uappi Development! &#8211; Portal do Desenvolvedor","og_description":"Ol\u00e1, desenvolvedor! Voc\u00ea acaba de chegar ao seu novo espa\u00e7o de inova\u00e7\u00e3o e aprendizado. Aqui no Uappi Development, um produto Uappi Help Center, voc\u00ea encontrar\u00e1 tudo o que precisa para criar, integrar e aprimorar solu\u00e7\u00f5es com nossos produtos e servi\u00e7os. Navegue pela nossa documenta\u00e7\u00e3o completa pelo menu lateral, explore exemplos de c\u00f3digo e acesse recursos [&hellip;]","og_url":"https:\/\/uappi.elleven.digital\/development\/","og_site_name":"Portal do Desenvolvedor","article_modified_time":"2025-04-09T12:07:44+00:00","twitter_card":"summary_large_image","twitter_misc":{"Est. tempo de leitura":"1 minuto"},"schema":{"@context":"https:\/\/schema.org","@graph":[{"@type":"WebPage","@id":"https:\/\/uappi.elleven.digital\/development\/","url":"https:\/\/uappi.elleven.digital\/development\/","name":"Boas-vindas ao Uappi Development! &#8211; Portal do Desenvolvedor","isPartOf":{"@id":"https:\/\/uappi.elleven.digital\/development\/#website"},"datePublished":"2025-04-09T11:34:10+00:00","dateModified":"2025-04-09T12:07:44+00:00","breadcrumb":{"@id":"https:\/\/uappi.elleven.digital\/development\/#breadcrumb"},"inLanguage":"pt-BR","potentialAction":[{"@type":"ReadAction","target":["https:\/\/uappi.elleven.digital\/development\/"]}]},{"@type":"BreadcrumbList","@id":"https:\/\/uappi.elleven.digital\/development\/#breadcrumb","itemListElement":[{"@type":"ListItem","position":1,"name":"In\u00edcio","item":"https:\/\/uappi.elleven.digital\/development\/"},{"@type":"ListItem","position":2,"name":"Boas-vindas ao Uappi Development!"}]},{"@type":"WebSite","@id":"https:\/\/uappi.elleven.digital\/development\/#website","url":"https:\/\/uappi.elleven.digital\/development\/","name":"Portal do Desenvolvedor","description":"","publisher":{"@id":"https:\/\/uappi.elleven.digital\/development\/#organization"},"potentialAction":[{"@type":"SearchAction","target":{"@type":"EntryPoint","urlTemplate":"https:\/\/uappi.elleven.digital\/development\/?s={search_term_string}"},"query-input":{"@type":"PropertyValueSpecification","valueRequired":true,"valueName":"search_term_string"}}],"inLanguage":"pt-BR"},{"@type":"Organization","@id":"https:\/\/uappi.elleven.digital\/development\/#organization","name":"Portal do Desenvolvedor","url":"https:\/\/uappi.elleven.digital\/development\/","logo":{"@type":"ImageObject","inLanguage":"pt-BR","@id":"https:\/\/uappi.elleven.digital\/development\/#\/schema\/logo\/image\/","url":"https:\/\/staging.facilita.uappi.com.br\/development\/wp-content\/uploads\/sites\/2\/2025\/04\/logo-development.svg","contentUrl":"https:\/\/staging.facilita.uappi.com.br\/development\/wp-content\/uploads\/sites\/2\/2025\/04\/logo-development.svg","caption":"Portal do Desenvolvedor"},"image":{"@id":"https:\/\/uappi.elleven.digital\/development\/#\/schema\/logo\/image\/"}}]}},"_links":{"self":[{"href":"https:\/\/staging.facilita.uappi.com.br\/development\/wp-json\/wp\/v2\/pages\/5","targetHints":{"allow":["GET"]}}],"collection":[{"href":"https:\/\/staging.facilita.uappi.com.br\/development\/wp-json\/wp\/v2\/pages"}],"about":[{"href":"https:\/\/staging.facilita.uappi.com.br\/development\/wp-json\/wp\/v2\/types\/page"}],"author":[{"embeddable":true,"href":"https:\/\/staging.facilita.uappi.com.br\/development\/wp-json\/wp\/v2\/users\/1"}],"replies":[{"embeddable":true,"href":"https:\/\/staging.facilita.uappi.com.br\/development\/wp-json\/wp\/v2\/comments?post=5"}],"version-history":[{"count":2,"href":"https:\/\/staging.facilita.uappi.com.br\/development\/wp-json\/wp\/v2\/pages\/5\/revisions"}],"predecessor-version":[{"id":45,"href":"https:\/\/staging.facilita.uappi.com.br\/development\/wp-json\/wp\/v2\/pages\/5\/revisions\/45"}],"wp:attachment":[{"href":"https:\/\/staging.facilita.uappi.com.br\/development\/wp-json\/wp\/v2\/media?parent=5"}],"curies":[{"name":"wp","href":"https:\/\/api.w.org\/{rel}","templated":true}]}}